{"id":33,"date":"2016-11-02T13:00:25","date_gmt":"2016-11-02T12:00:25","guid":{"rendered":"http:\/\/haarindersuppe.com\/wordpress\/?page_id=33"},"modified":"2019-01-12T17:01:35","modified_gmt":"2019-01-12T16:01:35","slug":"ueber-diesen-blog","status":"publish","type":"page","link":"http:\/\/haarindersuppe.com\/wordpress\/","title":{"rendered":"&#8230; \u00fcber diesen Blog &#8230;"},"content":{"rendered":"<p>Warum wir diesen Blog starten?<br \/>\nIn unserer Schule, der Sekundarstufe 1 (S1) des Montessori-Campus Wien 14, werden sogenannte Leitstudien durchgef\u00fchrt. In diesen Studien besch\u00e4ftigen wir uns mit Themen aus den Bereichen Philosophie, Geschichte, den Naturwissenschaften und (Wirtschaft-) Geographie.<br \/>\nDie Seite wurde im Oktober 2016 erstellt und es ist geplant, diesen Blog auch f\u00fcr zuk\u00fcnftige Projekte zu verwenden, um so unsere Arbeit zu dokumentieren und auch weitere Denkanst\u00f6\u00dfe, interessante Informationen oder Tipps der geneigten Leserschaft nahezubringen &#8230;<\/p>\n","protected":false},"excerpt":{"rendered":"<p>Warum wir diesen Blog starten? In unserer Schule, der Sekundarstufe 1 (S1) des Montessori-Campus Wien 14, werden sogenannte Leitstudien durchgef\u00fchrt. In diesen Studien besch\u00e4ftigen wir uns mit Themen aus den Bereichen Philosophie, Geschichte, den Naturwissenschaften und (Wirtschaft-) Geographie. Die Seite wurde im Oktober 2016 erstellt und es ist geplant, diesen Blog auch f\u00fcr zuk\u00fcnftige Projekte &hellip; <a href=\"http:\/\/haarindersuppe.com\/wordpress\/\" class=\"more-link\"><span class=\"screen-reader-text\">&#8222;&#8230; \u00fcber diesen Blog &#8230;&#8220; <\/span>weiterlesen<\/a><\/p>\n","protected":false},"author":1,"featured_media":0,"parent":0,"menu_order":0,"comment_status":"closed","ping_status":"closed","template":"","meta":[],"_links":{"self":[{"href":"http:\/\/haarindersuppe.com\/wordpress\/wp-json\/wp\/v2\/pages\/33"}],"collection":[{"href":"http:\/\/haarindersuppe.com\/wordpress\/wp-json\/wp\/v2\/pages"}],"about":[{"href":"http:\/\/haarindersuppe.com\/wordpress\/wp-json\/wp\/v2\/types\/page"}],"author":[{"embeddable":true,"href":"http:\/\/haarindersuppe.com\/wordpress\/wp-json\/wp\/v2\/users\/1"}],"replies":[{"embeddable":true,"href":"http:\/\/haarindersuppe.com\/wordpress\/wp-json\/wp\/v2\/comments?post=33"}],"version-history":[{"count":2,"href":"http:\/\/haarindersuppe.com\/wordpress\/wp-json\/wp\/v2\/pages\/33\/revisions"}],"predecessor-version":[{"id":1460,"href":"http:\/\/haarindersuppe.com\/wordpress\/wp-json\/wp\/v2\/pages\/33\/revisions\/1460"}],"wp:attachment":[{"href":"http:\/\/haarindersuppe.com\/wordpress\/wp-json\/wp\/v2\/media?parent=33"}],"curies":[{"name":"wp","href":"https:\/\/api.w.org\/{rel}","templated":true}]}}